{"id":73,"date":"2016-09-11T10:56:05","date_gmt":"2016-09-11T10:56:05","guid":{"rendered":"http:\/\/rukfash-001-site1.btempurl.com\/?page_id=73"},"modified":"2025-10-09T21:17:56","modified_gmt":"2025-10-09T21:17:56","slug":"artists","status":"publish","type":"page","link":"https:\/\/www.woodguerilla.net\/index.php\/artists\/","title":{"rendered":"WoodGuerilla Artists"},"content":{"rendered":"\n<p><strong>Dalibor Vu\u010di\u0107<\/strong><\/p>\n\n\n\n<figure class=\"wp-block-image size-large is-resized\"><img loading=\"lazy\" decoding=\"async\" src=\"https:\/\/www.woodguerilla.net\/wp-content\/uploads\/2016\/09\/the_man1-1024x683.jpg\" alt=\"\" class=\"wp-image-57\" width=\"512\" height=\"342\" srcset=\"https:\/\/www.woodguerilla.net\/wp-content\/uploads\/2016\/09\/the_man1-1024x683.jpg 1024w, https:\/\/www.woodguerilla.net\/wp-content\/uploads\/2016\/09\/the_man1-555x370.jpg 555w, https:\/\/www.woodguerilla.net\/wp-content\/uploads\/2016\/09\/the_man1-300x200.jpg 300w, https:\/\/www.woodguerilla.net\/wp-content\/uploads\/2016\/09\/the_man1-768x512.jpg 768w, https:\/\/www.woodguerilla.net\/wp-content\/uploads\/2016\/09\/the_man1-750x500.jpg 750w, https:\/\/www.woodguerilla.net\/wp-content\/uploads\/2016\/09\/the_man1.jpg 1500w\" sizes=\"auto, (max-width: 512px) 100vw, 512px\" \/><\/figure>\n\n\n\n<p><\/p>\n\n\n\n<p><strong>Vladislav Filipovi\u0107<\/strong><\/p>\n\n\n\n<p><strong><a href=\"http:\/\/alekdarson.com\">Alek Darson<\/a><\/strong><\/p>\n\n\n\n<p><strong>David Maxim Mici\u0107<\/strong><\/p>\n\n\n\n<p><strong>Jordan Rudess&nbsp;<\/strong>&#8211;&nbsp;Nothing but honor to have a custom fretless ADS in Jordans hands and a smile on his face.<\/p>\n\n\n\n<figure class=\"wp-block-image size-full is-resized\"><img decoding=\"async\" src=\"https:\/\/www.woodguerilla.net\/wp-content\/uploads\/2017\/05\/jord1.jpg\" alt=\"\" class=\"wp-image-381\" width=\"512\" srcset=\"https:\/\/www.woodguerilla.net\/wp-content\/uploads\/2017\/05\/jord1.jpg 960w, https:\/\/www.woodguerilla.net\/wp-content\/uploads\/2017\/05\/jord1-555x312.jpg 555w, https:\/\/www.woodguerilla.net\/wp-content\/uploads\/2017\/05\/jord1-300x168.jpg 300w, https:\/\/www.woodguerilla.net\/wp-content\/uploads\/2017\/05\/jord1-768x431.jpg 768w\" sizes=\"(max-width: 960px) 100vw, 960px\" \/><\/figure>\n\n\n\n<p><\/p>\n\n\n\n<p><strong>Bane Markovi\u0107 BASSTARDO<\/strong> (<a rel=\"noreferrer noopener\" href=\"https:\/\/www.youtube.com\/watch?v=vOVFZNd4up8\" target=\"_blank\">Djordje Balasevic<\/a>, Euterpa).\u00a0<a rel=\"noreferrer noopener\" href=\"https:\/\/www.youtube.com\/@basstardium7848\" target=\"_blank\">Basstardium<\/a> on YouTube.<\/p>\n\n\n\n<p><strong>Uro\u0161 Spasojevi\u0107<\/strong> (<a href=\"https:\/\/urosspasojevic.com\" target=\"_blank\" rel=\"noreferrer noopener\">UrosSpasojevicProject<\/a>)<\/p>\n\n\n\n<p><strong>Stefan Pavlovi\u0107 (Reset)&nbsp;<\/strong>&nbsp;is a veteran bassist of many bands. Also, directly responsible for RIAbass, having first 3 ever made and still exclusively using them.<\/p>\n\n\n\n<figure class=\"wp-block-image size-large is-resized\"><img decoding=\"async\" src=\"https:\/\/www.woodguerilla.net\/wp-content\/uploads\/2016\/11\/DSC_5762-1024x684.jpg\" alt=\"\" class=\"wp-image-208\" width=\"512\" srcset=\"https:\/\/www.woodguerilla.net\/wp-content\/uploads\/2016\/11\/DSC_5762-1024x684.jpg 1024w, https:\/\/www.woodguerilla.net\/wp-content\/uploads\/2016\/11\/DSC_5762-555x371.jpg 555w, https:\/\/www.woodguerilla.net\/wp-content\/uploads\/2016\/11\/DSC_5762-300x201.jpg 300w, https:\/\/www.woodguerilla.net\/wp-content\/uploads\/2016\/11\/DSC_5762-768x513.jpg 768w, https:\/\/www.woodguerilla.net\/wp-content\/uploads\/2016\/11\/DSC_5762-750x500.jpg 750w, https:\/\/www.woodguerilla.net\/wp-content\/uploads\/2016\/11\/DSC_5762.jpg 2048w\" sizes=\"(max-width: 1024px) 100vw, 1024px\" \/><\/figure>\n\n\n\n<p><\/p>\n\n\n\n<p><strong>Bosko Martinovi\u0107 <\/strong>is fluent in many languages, one of them is music. Check out his solo album &#8220;Time&#8221;.<\/p>\n\n\n\n<figure class=\"wp-block-image size-large is-resized\"><img decoding=\"async\" src=\"https:\/\/www.woodguerilla.net\/wp-content\/uploads\/2017\/05\/thumb_DSC_6058_1024-685x1024.jpg\" alt=\"\" class=\"wp-image-357\" width=\"512\" srcset=\"https:\/\/www.woodguerilla.net\/wp-content\/uploads\/2017\/05\/thumb_DSC_6058_1024-685x1024.jpg 685w, https:\/\/www.woodguerilla.net\/wp-content\/uploads\/2017\/05\/thumb_DSC_6058_1024-555x830.jpg 555w, https:\/\/www.woodguerilla.net\/wp-content\/uploads\/2017\/05\/thumb_DSC_6058_1024-201x300.jpg 201w, https:\/\/www.woodguerilla.net\/wp-content\/uploads\/2017\/05\/thumb_DSC_6058_1024.jpg 725w\" sizes=\"(max-width: 685px) 100vw, 685px\" \/><\/figure>\n\n\n\n<p><\/p>\n\n\n\n<p><strong><a rel=\"noreferrer noopener\" href=\"https:\/\/web.facebook.com\/pera.krstajic\" target=\"_blank\">Pera Krstaji\u0107<\/a><\/strong>&nbsp;(Qzama Quartet)<\/p>\n\n\n\n<figure class=\"wp-block-image size-full is-resized\"><img decoding=\"async\" src=\"https:\/\/www.woodguerilla.net\/wp-content\/uploads\/2018\/03\/Pera-krstajic-jump.jpg\" alt=\"\" class=\"wp-image-441\" width=\"512\" srcset=\"https:\/\/www.woodguerilla.net\/wp-content\/uploads\/2018\/03\/Pera-krstajic-jump.jpg 960w, https:\/\/www.woodguerilla.net\/wp-content\/uploads\/2018\/03\/Pera-krstajic-jump-100x100.jpg 100w, https:\/\/www.woodguerilla.net\/wp-content\/uploads\/2018\/03\/Pera-krstajic-jump-555x555.jpg 555w, https:\/\/www.woodguerilla.net\/wp-content\/uploads\/2018\/03\/Pera-krstajic-jump-150x150.jpg 150w, https:\/\/www.woodguerilla.net\/wp-content\/uploads\/2018\/03\/Pera-krstajic-jump-300x300.jpg 300w, https:\/\/www.woodguerilla.net\/wp-content\/uploads\/2018\/03\/Pera-krstajic-jump-768x768.jpg 768w\" sizes=\"(max-width: 960px) 100vw, 960px\" \/><\/figure>\n\n\n\n<p><\/p>\n\n\n\n<p><strong>Teodoras Bal\u010diauskis<\/strong> &#8211; A young bass player from \u0160iauliai, Lithuania,&nbsp;plays&nbsp;in Elz\u0117 Urbietyt\u0117\u2019s band. Has a&nbsp;solo project \u201cSeodophy\u201d. 3rd place winner in bass category of Lithuania\u2019s national guitarist competition \u201cGitar\u0173 \u0161elsmas 2019\u201d.<\/p>\n\n\n\n<p>Released a solo album \u201cDaunted\u201d in 2017, releasing a solo EP \u201cThe after hours\u201d in 2019.<\/p>\n\n\n\n<figure class=\"wp-block-image size-full is-resized\"><img decoding=\"async\" src=\"https:\/\/www.woodguerilla.net\/wp-content\/uploads\/2016\/09\/teo-bal.jpg\" alt=\"\" class=\"wp-image-582\" width=\"512\" srcset=\"https:\/\/www.woodguerilla.net\/wp-content\/uploads\/2016\/09\/teo-bal.jpg 960w, https:\/\/www.woodguerilla.net\/wp-content\/uploads\/2016\/09\/teo-bal-555x370.jpg 555w, https:\/\/www.woodguerilla.net\/wp-content\/uploads\/2016\/09\/teo-bal-300x200.jpg 300w, https:\/\/www.woodguerilla.net\/wp-content\/uploads\/2016\/09\/teo-bal-768x512.jpg 768w, https:\/\/www.woodguerilla.net\/wp-content\/uploads\/2016\/09\/teo-bal-750x500.jpg 750w\" sizes=\"(max-width: 960px) 100vw, 960px\" \/><\/figure>\n\n\n\n<p><\/p>\n\n\n\n<p><strong>Branko Vu\u010detin<\/strong> (Belgrade) &#8211; custom babyTULIP<\/p>\n\n\n\n<figure class=\"wp-block-gallery has-nested-images columns-default is-cropped wp-block-gallery-1 is-layout-flex wp-block-gallery-is-layout-flex\">\n<figure class=\"wp-block-image size-large\"><img loading=\"lazy\" decoding=\"async\" width=\"960\" height=\"640\" data-id=\"587\" src=\"https:\/\/www.woodguerilla.net\/wp-content\/uploads\/2016\/09\/Branko-vucetin.jpg\" alt=\"\" class=\"wp-image-587\" srcset=\"https:\/\/www.woodguerilla.net\/wp-content\/uploads\/2016\/09\/Branko-vucetin.jpg 960w, https:\/\/www.woodguerilla.net\/wp-content\/uploads\/2016\/09\/Branko-vucetin-555x370.jpg 555w, https:\/\/www.woodguerilla.net\/wp-content\/uploads\/2016\/09\/Branko-vucetin-300x200.jpg 300w, https:\/\/www.woodguerilla.net\/wp-content\/uploads\/2016\/09\/Branko-vucetin-768x512.jpg 768w, https:\/\/www.woodguerilla.net\/wp-content\/uploads\/2016\/09\/Branko-vucetin-750x500.jpg 750w\" sizes=\"auto, (max-width: 960px) 100vw, 960px\" \/><\/figure>\n\n\n\n<figure class=\"wp-block-image size-large\"><img loading=\"lazy\" decoding=\"async\" width=\"685\" height=\"1024\" data-id=\"1168\" src=\"https:\/\/www.woodguerilla.net\/wp-content\/uploads\/2025\/10\/DSC_1774-685x1024.jpg\" alt=\"\" class=\"wp-image-1168\" srcset=\"https:\/\/www.woodguerilla.net\/wp-content\/uploads\/2025\/10\/DSC_1774-685x1024.jpg 685w, https:\/\/www.woodguerilla.net\/wp-content\/uploads\/2025\/10\/DSC_1774-rotated-555x830.jpg 555w, https:\/\/www.woodguerilla.net\/wp-content\/uploads\/2025\/10\/DSC_1774-201x300.jpg 201w, https:\/\/www.woodguerilla.net\/wp-content\/uploads\/2025\/10\/DSC_1774-768x1149.jpg 768w, https:\/\/www.woodguerilla.net\/wp-content\/uploads\/2025\/10\/DSC_1774-1027x1536.jpg 1027w, https:\/\/www.woodguerilla.net\/wp-content\/uploads\/2025\/10\/DSC_1774-rotated.jpg 1369w\" sizes=\"auto, (max-width: 685px) 100vw, 685px\" \/><\/figure>\n<\/figure>\n\n\n\n<p><\/p>\n\n\n\n<p><strong>Nemanja Coyote Koji\u0107<\/strong> (Belgrade) &#8211; HornsmanCoyote, Eyesburn Signature Model<\/p>\n\n\n\n<figure class=\"wp-block-image size-large is-resized\"><img decoding=\"async\" src=\"https:\/\/www.woodguerilla.net\/wp-content\/uploads\/2021\/01\/eb-fest-foto-Nemanja-Djordjevic-6-of-6-1024x670.jpg\" alt=\"\" class=\"wp-image-605\" width=\"512\" srcset=\"https:\/\/www.woodguerilla.net\/wp-content\/uploads\/2021\/01\/eb-fest-foto-Nemanja-Djordjevic-6-of-6-1024x670.jpg 1024w, https:\/\/www.woodguerilla.net\/wp-content\/uploads\/2021\/01\/eb-fest-foto-Nemanja-Djordjevic-6-of-6-555x363.jpg 555w, https:\/\/www.woodguerilla.net\/wp-content\/uploads\/2021\/01\/eb-fest-foto-Nemanja-Djordjevic-6-of-6-300x196.jpg 300w, https:\/\/www.woodguerilla.net\/wp-content\/uploads\/2021\/01\/eb-fest-foto-Nemanja-Djordjevic-6-of-6-768x503.jpg 768w, https:\/\/www.woodguerilla.net\/wp-content\/uploads\/2021\/01\/eb-fest-foto-Nemanja-Djordjevic-6-of-6-360x235.jpg 360w, https:\/\/www.woodguerilla.net\/wp-content\/uploads\/2021\/01\/eb-fest-foto-Nemanja-Djordjevic-6-of-6.jpg 2048w\" sizes=\"(max-width: 1024px) 100vw, 1024px\" \/><\/figure>\n\n\n\n<p><\/p>\n\n\n\n<p><\/p>\n\n\n\n<ul class=\"wp-block-list\" style=\"font-size:17px\">\n<li><strong>Michael Tobias Himself<\/strong> &#8211; ABAZbass, his own EMA<\/li>\n\n\n\n<li><strong>Bojan Kvo\u010dka<\/strong> &#8211; (Lepa Brena, Organised Chaos)<\/li>\n\n\n\n<li><strong>Vladimir Cvetkovi\u0107<\/strong><\/li>\n\n\n\n<li><strong>Mire Miroslav Mijatovi\u0107<\/strong> (Ritam Nereda)<\/li>\n\n\n\n<li><strong>Boban Nered<\/strong><\/li>\n\n\n\n<li><strong>Dusan Andrijasevi\u0107<\/strong> &#8211; (Lepa Brena, Destiny Potato)<\/li>\n\n\n\n<li><strong>Berin Tuzli\u0107<\/strong> &#8211; (Wood Studio, Sarajevo), Drumelody<\/li>\n\n\n\n<li><strong>Luka Tikvi\u010dki<\/strong><\/li>\n\n\n\n<li><strong>Marko Gali\u0107<\/strong><\/li>\n\n\n\n<li><strong>Nenad Spasi\u0107<\/strong> (Sopot) &#8211;&nbsp;assorted ultra long scale basses<\/li>\n\n\n\n<li><strong>Dusan Jeremi\u0107<\/strong> &#8211; TeleFAB<\/li>\n\n\n\n<li><strong>Filip Milanovi\u0107<\/strong> (Thimble)<\/li>\n\n\n\n<li><strong>Luka Bo\u0161njak<\/strong><\/li>\n\n\n\n<li><strong>Goran Kosti\u0107<\/strong> (Dizeldorf)<\/li>\n\n\n\n<li><strong>Miroljub Milo\u0161evi\u0107<\/strong> (Ni\u0161)<\/li>\n\n\n\n<li><strong>Miroljub Cvetkovi\u0107<\/strong> (Moscow)<\/li>\n\n\n\n<li><strong>Keegan Montey<\/strong> (NY City)<\/li>\n\n\n\n<li><strong>Nemanja<\/strong> &#8211; (DAB, Prekardashians)<\/li>\n\n\n\n<li><strong>Dejan Zec<\/strong> (NoviSad)<\/li>\n\n\n\n<li><strong>Ratko Santra\u010d<\/strong><\/li>\n\n\n\n<li><strong>Mickelee Miroslav Mirosavljev<\/strong> (Be\u010d) &nbsp;<\/li>\n\n\n\n<li><strong>Dejan Antovi\u0107<\/strong> &#8211; (Sergej Cetkovic Band, studio)<\/li>\n\n\n\n<li><strong>Stojan Relji\u0107<\/strong> &#8211; (ESNAF) &nbsp;<\/li>\n\n\n\n<li><strong>Aleksandar Tokovi\u0107<\/strong> &#8211; (Witch1) &nbsp;<\/li>\n\n\n\n<li><strong>Zuri\u0107 Vladimir Zuja<\/strong> &nbsp;<\/li>\n\n\n\n<li><strong>Vladimir Lali\u0107<\/strong> &#8211; (<a href=\"http:\/\/organizedchaosband.net\">OrganisedChaos<\/a>) &nbsp;L6 an L7 Signature \u2013 is a worldwide recognised artist (painter, singer, composer). We made a beautiful guitar having his artwork on it. &nbsp;<\/li>\n\n\n\n<li><strong>\u017deljko Maljevi\u0107<\/strong> &nbsp;<\/li>\n\n\n\n<li><strong>David Lazar Gali\u0107<\/strong> &nbsp;<\/li>\n\n\n\n<li><strong>Dule Babi\u0107<\/strong> &#8211; (Beso De Loco) &nbsp;<\/li>\n\n\n\n<li><strong>Branko Markovi\u0107<\/strong> &nbsp;<\/li>\n\n\n\n<li><strong>\u017darko Krstovi\u0107<\/strong> &nbsp;<\/li>\n\n\n\n<li><strong>Azur Imamovi\u0107<\/strong> &#8211; (Divanhana) &nbsp;<\/li>\n\n\n\n<li><strong>Lazar Ostoji\u0107<\/strong> &#8211; Albatros Signature guitar &nbsp;<\/li>\n\n\n\n<li><strong>Danilo Nedeljkovi\u0107<\/strong> &nbsp;<\/li>\n\n\n\n<li><strong>Nemanja Stankovi\u0107<\/strong> &#8211; (deamon bass) &nbsp;<\/li>\n\n\n\n<li><strong>Stanislav Stanojevi\u0107<\/strong> &nbsp;<\/li>\n\n\n\n<li><strong>Zoran Star\u010devi\u0107<\/strong> &nbsp;<\/li>\n\n\n\n<li><strong>Uro\u0161 Andrija\u0161evi\u0107<\/strong> &nbsp;<\/li>\n\n\n\n<li><strong>Branislav Vlaisavljevi\u0107<\/strong> &nbsp;<\/li>\n\n\n\n<li><strong>Dragan Suba\u0161i\u0107<\/strong> &nbsp;<\/li>\n\n\n\n<li><strong>Rajko Bosio\u010di\u0107<\/strong> &#8211; (Steel) &nbsp;<\/li>\n\n\n\n<li><strong>Uro\u0161 Pavlovi\u0107<\/strong> &nbsp;<\/li>\n\n\n\n<li><strong>Stevan Radulovi\u0107<\/strong><\/li>\n\n\n\n<li><strong>Goran Loco<\/strong> <\/li>\n\n\n\n<li><strong>Milovan Bo\u0161kovi\u0107<\/strong> &#8211; (Konstrakta, Zemlja Gruva, studio) &nbsp;<\/li>\n\n\n\n<li><strong>Nenad Cupi\u0107<\/strong> &#8211; (Apollo electronics)<\/li>\n\n\n\n<li><strong>Black Lion Audio<\/strong> &nbsp;<\/li>\n\n\n\n<li><strong>Aniruda Das<\/strong> &nbsp;<\/li>\n\n\n\n<li><strong>John McLaughlin<\/strong> &nbsp;<\/li>\n\n\n\n<li><strong>Czabo Kucsera<\/strong> &nbsp;<\/li>\n\n\n\n<li><strong>Zoran Dra\u017ei\u0107<\/strong> &nbsp;<\/li>\n\n\n\n<li><strong>Denis Drzai\u0107<\/strong> &nbsp;<\/li>\n\n\n\n<li><strong>Srdjan Mila\u010di\u0107<\/strong> &nbsp;<\/li>\n\n\n\n<li><strong>Josef Nadj<\/strong> &nbsp;<\/li>\n\n\n\n<li><strong>Yan Luo<\/strong> &nbsp;<\/li>\n\n\n\n<li><strong>Zoran Anti\u0107<\/strong> &nbsp;<\/li>\n\n\n\n<li><a href=\"https:\/\/web.facebook.com\/dejanbeci.mitic\" target=\"_blank\" rel=\"noreferrer noopener\"><strong>Dejan Beci Miti\u0107<\/strong> <\/a>&#8211; (CardinalPoint) &nbsp;<\/li>\n\n\n\n<li><strong>Luka Nikoli\u0107<\/strong> &#8211; (Majdan) &nbsp;<\/li>\n\n\n\n<li><strong>Neboj\u0161a Keba Zulfikarpa\u0161i\u0107<\/strong> &#8211; (studio, teaching) <\/li>\n\n\n\n<li><strong>Igor Stankovi\u0107<\/strong> <\/li>\n\n\n\n<li><strong>Miroslav Delibos<\/strong><\/li>\n\n\n\n<li><strong>Nenad Vasili\u0107<\/strong> &#8211;&nbsp;Solo artist, 2019 ROOTbass fretless<\/li>\n\n\n\n<li><strong>Alexandre Belli<\/strong> (Tongeren) &#8211; Asymmetry Media, 7strings FAB <\/li>\n\n\n\n<li><strong>Chris Rhoades<\/strong> (Phoenix, AZ) <\/li>\n\n\n\n<li><strong>Zis<\/strong> (Belgrade) <\/li>\n\n\n\n<li><strong>Masha<\/strong> (Belgrade) &#8211;&nbsp;Konstrakta, Zemlja Gruva, Signature babyTULIP 4strings in NeboGruva finish<\/li>\n\n\n\n<li><strong>Bozo Vre\u0107o<\/strong> (Sarajevo) &#8211; Signature babyTULIP and electric oudt <\/li>\n\n\n\n<li><strong><a rel=\"noreferrer noopener\" href=\"http:\/\/www.instagram.com\/oliverjameswattles\/\" target=\"_blank\">Oliver Wattles<\/a><\/strong> (Novi Sad, Srbija)&nbsp;&#8211; <a rel=\"noreferrer noopener\" href=\"http:\/\/youtu.be\/V4AV4OCU6pk?si=WbvdxR9IBDrdOTPW\" target=\"_blank\">Magnitudin<\/a> <\/li>\n\n\n\n<li><strong>Relja Popovi\u0107<\/strong> (Novi Sad) <\/li>\n\n\n\n<li><strong>Andre Muricy<\/strong> (Sweden) <\/li>\n\n\n\n<li><strong>Lazar Isidorovi\u0107<\/strong> (Belgrade) <\/li>\n\n\n\n<li><strong>Adam Tudas<\/strong> (Poland)<\/li>\n<\/ul>\n","protected":false},"excerpt":{"rendered":"<p>Dalibor Vu\u010di\u0107 Vladislav Filipovi\u0107 Alek Darson David Maxim Mici\u0107 Jordan Rudess&nbsp;&#8211;&nbsp;Nothing but honor to have a custom fretless ADS in Jordans hands and a smile on his face. Bane Markovi\u0107 BASSTARDO (Djordje Balasevic, Euterpa).\u00a0Basstardium on YouTube. Uro\u0161 Spasojevi\u0107 (UrosSpasojevicProject) Stefan Pavlovi\u0107 (Reset)&nbsp;&nbsp;is a veteran bassist of many bands. Also, directly responsible for RIAbass, having first [&hellip;]<\/p>\n","protected":false},"author":1,"featured_media":0,"parent":0,"menu_order":0,"comment_status":"closed","ping_status":"closed","template":"","meta":{"footnotes":""},"class_list":["post-73","page","type-page","status-publish","hentry"],"_links":{"self":[{"href":"https:\/\/www.woodguerilla.net\/index.php\/wp-json\/wp\/v2\/pages\/73","targetHints":{"allow":["GET"]}}],"collection":[{"href":"https:\/\/www.woodguerilla.net\/index.php\/wp-json\/wp\/v2\/pages"}],"about":[{"href":"https:\/\/www.woodguerilla.net\/index.php\/wp-json\/wp\/v2\/types\/page"}],"author":[{"embeddable":true,"href":"https:\/\/www.woodguerilla.net\/index.php\/wp-json\/wp\/v2\/users\/1"}],"replies":[{"embeddable":true,"href":"https:\/\/www.woodguerilla.net\/index.php\/wp-json\/wp\/v2\/comments?post=73"}],"version-history":[{"count":58,"href":"https:\/\/www.woodguerilla.net\/index.php\/wp-json\/wp\/v2\/pages\/73\/revisions"}],"predecessor-version":[{"id":1172,"href":"https:\/\/www.woodguerilla.net\/index.php\/wp-json\/wp\/v2\/pages\/73\/revisions\/1172"}],"wp:attachment":[{"href":"https:\/\/www.woodguerilla.net\/index.php\/wp-json\/wp\/v2\/media?parent=73"}],"curies":[{"name":"wp","href":"https:\/\/api.w.org\/{rel}","templated":true}]}}